{"id":95,"date":"2016-11-21T22:28:48","date_gmt":"2016-11-21T22:28:48","guid":{"rendered":"http:\/\/neu.musikschule-er.de\/?page_id=95"},"modified":"2025-12-26T13:16:30","modified_gmt":"2025-12-26T12:16:30","slug":"schlagzeug","status":"publish","type":"page","link":"https:\/\/musikschule-er.de\/?page_id=95","title":{"rendered":"SCHLAGZEUG UND PERCUSSION"},"content":{"rendered":"\n<blockquote class=\"wp-block-quote is-layout-flow wp-block-quote-is-layout-flow\">\n<p>Drummer \u2013 F\u00fcr alle F\u201ce\u201clle<\/p>\n<\/blockquote>\n\n\n\n<p class=\"has-text-align-left\">Unser breit gef\u00e4cherter Fachbereich Schlagzeug bietet:<\/p>\n\n\n\n<ul class=\"wp-block-list\">\n<li><strong>Drumset<\/strong><\/li>\n\n\n\n<li><strong>Percussion<\/strong><\/li>\n\n\n\n<li><strong>Caj\u00f3n<\/strong><\/li>\n\n\n\n<li><strong>Samba-Gruppe<\/strong><\/li>\n\n\n\n<li><strong>Afrikanische Trommelgruppe<\/strong><\/li>\n<\/ul>\n\n\n\n<p>F\u00fcr n\u00e4here Informationen wenden Sie sich bitte an unser&nbsp;B\u00fcro:<br><strong><a href=\"mailto:info@musikschule-eppstein-rossert.de\">info(at)musikschule-eppstein-rossert.de<\/a><\/strong><\/p>\n\n\n\n<p><strong><a href=\"https:\/\/musikschule-er.de\/?page_id=1516\">Unsere Schlagzeuglehrkr\u00e4fte<\/a><\/strong><\/p>\n\n\n\n<p><a href=\"https:\/\/musikschule-er.de\/wp-content\/uploads\/2022\/05\/Anmeldeformular_Instrumental_20220515.pdf\" target=\"_blank\" rel=\"noreferrer noopener\"><strong>Anmeldung Instrumentalunterricht<\/strong><\/a><br><strong><a href=\"https:\/\/musikschule-er.de\/wp-content\/uploads\/2025\/12\/Schulgeld_Schulordnung_MSEppstein-01012026.pdf\" target=\"_blank\" rel=\"noreferrer noopener\">Schulgeld- und Schulordnung<\/a><\/strong><\/p>\n\n\n\n<p><\/p>\n","protected":false},"excerpt":{"rendered":"<p>Drummer \u2013 F\u00fcr alle F\u201ce\u201clle Unser breit gef\u00e4cherter Fachbereich Schlagzeug bietet: F\u00fcr n\u00e4here Informationen wenden Sie sich bitte an unser&nbsp;B\u00fcro:info(at)musikschule-eppstein-rossert.de Unsere Schlagzeuglehrkr\u00e4fte Anmeldung InstrumentalunterrichtSchulgeld- und Schulordnung<\/p>\n","protected":false},"author":1,"featured_media":72,"parent":0,"menu_order":0,"comment_status":"closed","ping_status":"closed","template":"","meta":{"footnotes":""},"class_list":["post-95","page","type-page","status-publish","has-post-thumbnail","hentry"],"_links":{"self":[{"href":"https:\/\/musikschule-er.de\/index.php?rest_route=\/wp\/v2\/pages\/95","targetHints":{"allow":["GET"]}}],"collection":[{"href":"https:\/\/musikschule-er.de\/index.php?rest_route=\/wp\/v2\/pages"}],"about":[{"href":"https:\/\/musikschule-er.de\/index.php?rest_route=\/wp\/v2\/types\/page"}],"author":[{"embeddable":true,"href":"https:\/\/musikschule-er.de\/index.php?rest_route=\/wp\/v2\/users\/1"}],"replies":[{"embeddable":true,"href":"https:\/\/musikschule-er.de\/index.php?rest_route=%2Fwp%2Fv2%2Fcomments&post=95"}],"version-history":[{"count":33,"href":"https:\/\/musikschule-er.de\/index.php?rest_route=\/wp\/v2\/pages\/95\/revisions"}],"predecessor-version":[{"id":1892,"href":"https:\/\/musikschule-er.de\/index.php?rest_route=\/wp\/v2\/pages\/95\/revisions\/1892"}],"wp:featuredmedia":[{"embeddable":true,"href":"https:\/\/musikschule-er.de\/index.php?rest_route=\/wp\/v2\/media\/72"}],"wp:attachment":[{"href":"https:\/\/musikschule-er.de\/index.php?rest_route=%2Fwp%2Fv2%2Fmedia&parent=95"}],"curies":[{"name":"wp","href":"https:\/\/api.w.org\/{rel}","templated":true}]}}