{"id":1555,"date":"2024-09-24T12:27:38","date_gmt":"2024-09-24T10:27:38","guid":{"rendered":"https:\/\/musikschule-er.de\/?page_id=1555"},"modified":"2025-12-26T13:00:40","modified_gmt":"2025-12-26T12:00:40","slug":"gesang-und-tanz","status":"publish","type":"page","link":"https:\/\/musikschule-er.de\/?page_id=1555","title":{"rendered":"GESANG"},"content":{"rendered":"\n<blockquote class=\"wp-block-quote is-layout-flow wp-block-quote-is-layout-flow\">\n<p>Deine Stimme bewegt&#8230;<\/p>\n<\/blockquote>\n\n\n\n<p>Der Bereich Gesang umfasst neben Sologesang auch unseren Musikschul-Chor \u201eReSoNanz\u201c.<\/p>\n\n\n\n<p>Wir treffen uns jeden zweiten und vierten Dienstag im Monat um 20 Uhr aus purer Freude am Singen in unserer wundersch\u00f6nen Musikschule. Unser Repertoire erstreckt sich von modernen St\u00fccken bis hin zu Pop und Jazz. Werde Teil unserer Truppe!<\/p>\n\n\n\n<p>F\u00fcr n\u00e4here Informationen wenden Sie sich bitte an unser B\u00fcro:<br><a href=\"mailto:info@musikschule-eppstein-rossert.de\"><strong>info(at)musikschule-eppstein-rossert.de<\/strong><\/a><\/p>\n\n\n\n<p><a href=\"https:\/\/musikschule-er.de\/?page_id=1433\"><strong>Unsere Gesangslehrkr\u00e4fte<\/strong><\/a><\/p>\n\n\n\n<p><a href=\"https:\/\/musikschule-er.de\/wp-content\/uploads\/2022\/05\/Anmeldeformular_Instrumental_20220515.pdf\" target=\"_blank\" rel=\"noopener noreferrer\"><strong>Anmeldung Instrumental<\/strong><\/a><br><a href=\"https:\/\/musikschule-er.de\/wp-content\/uploads\/2022\/05\/Anmeldeformular_Chor_20220515.pdf\" target=\"_blank\" rel=\"noreferrer noopener\"><strong>Anmeldung Chor<\/strong><\/a><br><strong><a href=\"https:\/\/musikschule-er.de\/wp-content\/uploads\/2025\/12\/Schulgeld_Schulordnung_MSEppstein-01012026.pdf\" target=\"_blank\" rel=\"noreferrer noopener\">Schulgeld- und Schulordnung<\/a><\/strong><\/p>\n\n\n\n<p><\/p>\n","protected":false},"excerpt":{"rendered":"<p>Deine Stimme bewegt&#8230; Der Bereich Gesang umfasst neben Sologesang auch unseren Musikschul-Chor \u201eReSoNanz\u201c. Wir treffen uns jeden zweiten und vierten Dienstag im Monat um 20 Uhr aus purer Freude am Singen in unserer wundersch\u00f6nen Musikschule. Unser Repertoire erstreckt sich von modernen St\u00fccken bis hin zu Pop und Jazz. Werde Teil unserer Truppe! F\u00fcr n\u00e4here Informationen [&hellip;]<\/p>\n","protected":false},"author":2,"featured_media":49,"parent":0,"menu_order":0,"comment_status":"closed","ping_status":"closed","template":"","meta":{"footnotes":""},"class_list":["post-1555","page","type-page","status-publish","has-post-thumbnail","hentry"],"_links":{"self":[{"href":"https:\/\/musikschule-er.de\/index.php?rest_route=\/wp\/v2\/pages\/1555","targetHints":{"allow":["GET"]}}],"collection":[{"href":"https:\/\/musikschule-er.de\/index.php?rest_route=\/wp\/v2\/pages"}],"about":[{"href":"https:\/\/musikschule-er.de\/index.php?rest_route=\/wp\/v2\/types\/page"}],"author":[{"embeddable":true,"href":"https:\/\/musikschule-er.de\/index.php?rest_route=\/wp\/v2\/users\/2"}],"replies":[{"embeddable":true,"href":"https:\/\/musikschule-er.de\/index.php?rest_route=%2Fwp%2Fv2%2Fcomments&post=1555"}],"version-history":[{"count":18,"href":"https:\/\/musikschule-er.de\/index.php?rest_route=\/wp\/v2\/pages\/1555\/revisions"}],"predecessor-version":[{"id":1882,"href":"https:\/\/musikschule-er.de\/index.php?rest_route=\/wp\/v2\/pages\/1555\/revisions\/1882"}],"wp:featuredmedia":[{"embeddable":true,"href":"https:\/\/musikschule-er.de\/index.php?rest_route=\/wp\/v2\/media\/49"}],"wp:attachment":[{"href":"https:\/\/musikschule-er.de\/index.php?rest_route=%2Fwp%2Fv2%2Fmedia&parent=1555"}],"curies":[{"name":"wp","href":"https:\/\/api.w.org\/{rel}","templated":true}]}}