{"id":1510,"date":"2024-09-23T12:30:48","date_gmt":"2024-09-23T10:30:48","guid":{"rendered":"https:\/\/musikschule-er.de\/?page_id=1510"},"modified":"2025-07-14T10:00:24","modified_gmt":"2025-07-14T08:00:24","slug":"unsere-elementarlehrkraefte","status":"publish","type":"page","link":"https:\/\/musikschule-er.de\/?page_id=1510","title":{"rendered":"Unsere Elementarlehrkraft"},"content":{"rendered":"\n<p class=\"has-medium-font-size\"><strong>Alexander Wasserstra\u00df, Elementar<\/strong><\/p>\n\n\n\n<figure class=\"wp-block-image size-large is-resized\"><img loading=\"lazy\" decoding=\"async\" width=\"1024\" height=\"683\" src=\"https:\/\/musikschule-er.de\/wp-content\/uploads\/2024\/09\/Wasserstrass-Alexander-2-1024x683.jpg\" alt=\"\" class=\"wp-image-1511\" style=\"width:280px;height:auto\" srcset=\"https:\/\/musikschule-er.de\/wp-content\/uploads\/2024\/09\/Wasserstrass-Alexander-2-1024x683.jpg 1024w, https:\/\/musikschule-er.de\/wp-content\/uploads\/2024\/09\/Wasserstrass-Alexander-2-300x200.jpg 300w, https:\/\/musikschule-er.de\/wp-content\/uploads\/2024\/09\/Wasserstrass-Alexander-2-768x512.jpg 768w, https:\/\/musikschule-er.de\/wp-content\/uploads\/2024\/09\/Wasserstrass-Alexander-2.jpg 1500w\" sizes=\"auto, (max-width: 1024px) 100vw, 1024px\" \/><\/figure>\n\n\n\n<p>Ich absolvierte nach meinem Privatunterricht im Fach Bassgitarre ein Studium der P\u00e4dagogik an der Johann Wolfgang Goethe-Universit\u00e4t Frankfurt und ein berufsbegleitendes Studium im Fach Rhythmik an der Wirkstatt Karlsruhe. Es folgte ein Studium an der Frankfurter Musikwerkstatt in den F\u00e4chern Jazz und Popularmusik. Nebenbei belegte ich diverse Fortbildungslehrg\u00e4nge an der Bundesakademie Trossingen, Remscheid u.a. In dieser Zeit sammelte ich viele Erfahrungen in der musikalischen Arbeit mit Behinderten, im Bereich elementares Musiktheater und Folkloretanz.<br>Ich bin seit 1995 Lehrer an der Musikschule Eppstein-Rossert e.V. Derzeit unterrichte im Rhythmik- und Elementarbereich die Kurse Eltern\/Kind Rhythmik, Rhythmisch-musische Fr\u00fcherziehung und Rhythmisch-musische Grundausbildung. Auf verschiedenen Festen und Veranstaltungen anderer Vereine trete ich mit meinen Gruppen auf.<\/p>\n\n\n\n<p class=\"has-medium-font-size\"><\/p>\n\n\n\n<p><\/p>\n","protected":false},"excerpt":{"rendered":"<p>Alexander Wasserstra\u00df, Elementar Ich absolvierte nach meinem Privatunterricht im Fach Bassgitarre ein Studium der P\u00e4dagogik an der Johann Wolfgang Goethe-Universit\u00e4t Frankfurt und ein berufsbegleitendes Studium im Fach Rhythmik an der Wirkstatt Karlsruhe. Es folgte ein Studium an der Frankfurter Musikwerkstatt in den F\u00e4chern Jazz und Popularmusik. Nebenbei belegte ich diverse Fortbildungslehrg\u00e4nge an der Bundesakademie Trossingen, [&hellip;]<\/p>\n","protected":false},"author":2,"featured_media":0,"parent":0,"menu_order":0,"comment_status":"closed","ping_status":"closed","template":"","meta":{"footnotes":""},"class_list":["post-1510","page","type-page","status-publish","hentry"],"_links":{"self":[{"href":"https:\/\/musikschule-er.de\/index.php?rest_route=\/wp\/v2\/pages\/1510","targetHints":{"allow":["GET"]}}],"collection":[{"href":"https:\/\/musikschule-er.de\/index.php?rest_route=\/wp\/v2\/pages"}],"about":[{"href":"https:\/\/musikschule-er.de\/index.php?rest_route=\/wp\/v2\/types\/page"}],"author":[{"embeddable":true,"href":"https:\/\/musikschule-er.de\/index.php?rest_route=\/wp\/v2\/users\/2"}],"replies":[{"embeddable":true,"href":"https:\/\/musikschule-er.de\/index.php?rest_route=%2Fwp%2Fv2%2Fcomments&post=1510"}],"version-history":[{"count":5,"href":"https:\/\/musikschule-er.de\/index.php?rest_route=\/wp\/v2\/pages\/1510\/revisions"}],"predecessor-version":[{"id":1820,"href":"https:\/\/musikschule-er.de\/index.php?rest_route=\/wp\/v2\/pages\/1510\/revisions\/1820"}],"wp:attachment":[{"href":"https:\/\/musikschule-er.de\/index.php?rest_route=%2Fwp%2Fv2%2Fmedia&parent=1510"}],"curies":[{"name":"wp","href":"https:\/\/api.w.org\/{rel}","templated":true}]}}