{"id":1433,"date":"2024-09-23T10:04:07","date_gmt":"2024-09-23T08:04:07","guid":{"rendered":"https:\/\/musikschule-er.de\/?page_id=1433"},"modified":"2024-10-14T10:56:55","modified_gmt":"2024-10-14T08:56:55","slug":"unsere-gesangspaedagogen","status":"publish","type":"page","link":"https:\/\/musikschule-er.de\/?page_id=1433","title":{"rendered":"Unsere Gesangslehrkr\u00e4fte"},"content":{"rendered":"\n<p class=\"has-medium-font-size\"><strong>Enik\u00f6 Szendrey, Sologesang und Chor<\/strong><\/p>\n\n\n\n<figure class=\"wp-block-image size-large is-resized\"><img loading=\"lazy\" decoding=\"async\" width=\"1024\" height=\"683\" src=\"https:\/\/musikschule-er.de\/wp-content\/uploads\/2024\/09\/Szendrey-Enikoe-1024x683.jpg\" alt=\"\" class=\"wp-image-1438\" style=\"width:229px;height:auto\" srcset=\"https:\/\/musikschule-er.de\/wp-content\/uploads\/2024\/09\/Szendrey-Enikoe-1024x683.jpg 1024w, https:\/\/musikschule-er.de\/wp-content\/uploads\/2024\/09\/Szendrey-Enikoe-300x200.jpg 300w, https:\/\/musikschule-er.de\/wp-content\/uploads\/2024\/09\/Szendrey-Enikoe-768x512.jpg 768w, https:\/\/musikschule-er.de\/wp-content\/uploads\/2024\/09\/Szendrey-Enikoe.jpg 1500w\" sizes=\"auto, (max-width: 1024px) 100vw, 1024px\" \/><\/figure>\n\n\n\n<p><\/p>\n\n\n\n<p>Seit 1997 gebe ich Gesang- und Klavierunterricht an der Musikschule Eppstein-Rossert. e.V. und habe 2017 einen Musikschulchor aufgebaut.<\/p>\n\n\n\n<p>Daneben leite ich mehrere kirchliche und weltliche Ch\u00f6re.<\/p>\n\n\n\n<p>Meine Ausbildung am \u201eBela Bartok Konservatorium\u201c in Budapest und an der \u201eMusikhochschule Hamburg\u201c habe ich mit Diplomen abgeschlossen in Klavier, Musiklehrer-Gesang, Chorleitung, Oper, Lied und Musiktheorie.<\/p>\n\n\n\n<p>Ich unterrichte alle Stimmgattungen und Stilrichtungen unter Einsatz der \u201eRelativen Solmisation\u201c nach Zolt\u00e1n Kod\u00e1ly.<\/p>\n\n\n\n<p><\/p>\n\n\n\n<p class=\"has-medium-font-size\"><strong>Miriam M\u00fcller, Gesang<\/strong><\/p>\n\n\n\n<figure class=\"wp-block-image size-large is-resized\"><img loading=\"lazy\" decoding=\"async\" width=\"768\" height=\"1024\" src=\"https:\/\/musikschule-er.de\/wp-content\/uploads\/2024\/09\/Mueller-Miriam-768x1024.jpg\" alt=\"\" class=\"wp-image-1444\" style=\"width:280px;height:auto\" srcset=\"https:\/\/musikschule-er.de\/wp-content\/uploads\/2024\/09\/Mueller-Miriam-768x1024.jpg 768w, https:\/\/musikschule-er.de\/wp-content\/uploads\/2024\/09\/Mueller-Miriam-225x300.jpg 225w, https:\/\/musikschule-er.de\/wp-content\/uploads\/2024\/09\/Mueller-Miriam-rotated.jpg 960w\" sizes=\"auto, (max-width: 768px) 100vw, 768px\" \/><\/figure>\n\n\n\n<p><\/p>\n\n\n\n<p>Ich sang schon als Jugendliche in verschiedenen Musicals, sp\u00e4ter in Alternative Rock Bands mit eigenen Kompositionen. Nach dem Abitur studierte ich Jazzgesang und Musikp\u00e4dagogik an der Frankfurter Musikwerkstatt. Zwischen 2009 und 2017 lebte ich einige Jahre in Argentinien und in Brasilien. Dort unterrichtete ich Jazz- und Pop-Gesang an einer Musikschule und sang in unterschiedlichen Projekten von Rock \u00fcber Jazz bis zu lateinamerikanischer Musik. Ich bildete mich au\u00dferdem weiter in Yoga, Psychologie, K\u00f6rper,- und Gesangstherapie und begann Gesang auch therapeutisch anzubieten. Im Gesangsunterricht steht bei mir das eigenen K\u00f6rpergef\u00fchl im Mittelpunkt.&nbsp; Die Stimme darf entdeckt werden, Verspannungen wahrgenommen und abgebaut werden, um einen gesunden nat\u00fcrlichen Umgang mit der eigenen Stimme zu finden. Das Klangideal und der Musikgeschmack der Sch\u00fcler*Innen wird hierbei ber\u00fccksichtigt. Die Stimme soll als pers\u00f6nliches Ausdrucksmittel eingesetzt werden k\u00f6nnen. Gerne darf auch improvisiert und an eigenen St\u00fccken gearbeitet werden. Ich bin seit 2018 an der Musikschule Eppstein-Rossert e.V. als Gesangslehrerin f\u00fcr Jazz- und Popgesang t\u00e4tig.<\/p>\n\n\n\n<p><\/p>\n\n\n\n<p class=\"has-medium-font-size\"><strong>Felicia Brunner, Gesang<\/strong><\/p>\n\n\n\n<figure class=\"wp-block-image size-full is-resized\"><img loading=\"lazy\" decoding=\"async\" width=\"925\" height=\"710\" src=\"https:\/\/musikschule-er.de\/wp-content\/uploads\/2024\/09\/Brunner-Felica.png\" alt=\"\" class=\"wp-image-1442\" style=\"width:268px;height:auto\" srcset=\"https:\/\/musikschule-er.de\/wp-content\/uploads\/2024\/09\/Brunner-Felica.png 925w, https:\/\/musikschule-er.de\/wp-content\/uploads\/2024\/09\/Brunner-Felica-300x230.png 300w, https:\/\/musikschule-er.de\/wp-content\/uploads\/2024\/09\/Brunner-Felica-768x589.png 768w\" sizes=\"auto, (max-width: 925px) 100vw, 925px\" \/><\/figure>\n\n\n\n<p><\/p>\n\n\n\n<p>Als junges M\u00e4dchen hatte ich das Gl\u00fcck, als Geigerin mit dem Schulorchester auf Konzertreise nach Finnland zu fahren. In den Probenpausen sang ich lauthals in den h\u00f6chsten T\u00f6nen vor mich hin \u2013 mein Orchesterleiter \u201eentdeckte\u201c mein Gesangstalent.<\/p>\n\n\n\n<p>Und tats\u00e4chlich: nach dem Abi begann ich Gesang, Gesangsp\u00e4dagogik und Operngesang an der Wiesbadener Musikakademie, an der Hochschule Mainz und Musikhochschule Frankfurt zu studieren. (Prof. Arleen Auger, Prof. Eder), (Diplom 1993). Ich nahm an weiterf\u00fchrenden Kursen, z.B. unter Prof. Sergiu Celibidache und Prof. Daus, sowie \u00fcber den Verband deutscher Gesangsp\u00e4dagogen (Mitgliedschaft DGV) und an Fortbildungen in K\u00f6rperarbeit f\u00fcr S\u00e4nger (Alexandertechnik, Autogenes Training, Eutonie, Feldenkrais), Logop\u00e4die sowie an Atemschulungen nach Middendorf und Schlaffhorst-Andersen teil. Ein Stipendium der Richard Wagner Stiftung folgte.<\/p>\n\n\n\n<p>Von 1994-2000 sang ich in der Oper des Staatstheaters Wiesbaden. Seit Beginn meines Studiums singe ich zudem in professionellen Ensembles unterschiedlicher Besetzung, sowie wirke regelm\u00e4\u00dfig solistisch als Sopranistin im oratorischen Bereich.<\/p>\n\n\n\n<p>Meine Passion ist das Unterrichten im Einzelunterricht f\u00fcr Menschen von 6-99Jahren, f\u00fcr alle Stilrichtungen (Klassik, Pop, Rock), sei es die Stimmbildung f\u00fcr die Sprechstimme, den (Wieder)-Einstieg in den Chor, die chorische Stimmbildung (z.B. Schiersteiner Kantorei, Kammerchor Hofheim), auch in Form von Workshops. Ich m\u00f6chte jeden Singwilligen dort \u201eabholen\u201c, wo er ist. Ob er seine Stimme entdecken m\u00f6chte oder ob ich ihn zum Hochschulstudium f\u00fchren soll, ich stelle mich auf den Menschen ein. Mit K\u00f6rperarbeit, flie\u00dfendem Atem lassen wir die Stimme t\u00f6nen und haben viel Freude. Wir singen St\u00fccke nach dem Geschmack des Sch\u00fclers.<\/p>\n\n\n\n<p>Mit Begeisterung leitete ich seit Jahren an der Musikschule Hofheim bis zu 5 Kinderch\u00f6re und betreute die Gesangsklasse der MTS.&nbsp; Neuerdings leite ich auch einen gemischten Chor und einen Frauenchor eines Gesangsvereins in der Wetterau.<\/p>\n\n\n\n<p>Website: <a href=\"https:\/\/felicia-brunner.de\">https:\/\/felicia-brunner.de<\/a><\/p>\n","protected":false},"excerpt":{"rendered":"<p>Enik\u00f6 Szendrey, Sologesang und Chor Seit 1997 gebe ich Gesang- und Klavierunterricht an der Musikschule Eppstein-Rossert. e.V. und habe 2017 einen Musikschulchor aufgebaut. Daneben leite ich mehrere kirchliche und weltliche Ch\u00f6re. Meine Ausbildung am \u201eBela Bartok Konservatorium\u201c in Budapest und an der \u201eMusikhochschule Hamburg\u201c habe ich mit Diplomen abgeschlossen in Klavier, Musiklehrer-Gesang, Chorleitung, Oper, Lied [&hellip;]<\/p>\n","protected":false},"author":2,"featured_media":0,"parent":0,"menu_order":0,"comment_status":"closed","ping_status":"closed","template":"","meta":{"footnotes":""},"class_list":["post-1433","page","type-page","status-publish","hentry"],"_links":{"self":[{"href":"https:\/\/musikschule-er.de\/index.php?rest_route=\/wp\/v2\/pages\/1433","targetHints":{"allow":["GET"]}}],"collection":[{"href":"https:\/\/musikschule-er.de\/index.php?rest_route=\/wp\/v2\/pages"}],"about":[{"href":"https:\/\/musikschule-er.de\/index.php?rest_route=\/wp\/v2\/types\/page"}],"author":[{"embeddable":true,"href":"https:\/\/musikschule-er.de\/index.php?rest_route=\/wp\/v2\/users\/2"}],"replies":[{"embeddable":true,"href":"https:\/\/musikschule-er.de\/index.php?rest_route=%2Fwp%2Fv2%2Fcomments&post=1433"}],"version-history":[{"count":6,"href":"https:\/\/musikschule-er.de\/index.php?rest_route=\/wp\/v2\/pages\/1433\/revisions"}],"predecessor-version":[{"id":1595,"href":"https:\/\/musikschule-er.de\/index.php?rest_route=\/wp\/v2\/pages\/1433\/revisions\/1595"}],"wp:attachment":[{"href":"https:\/\/musikschule-er.de\/index.php?rest_route=%2Fwp%2Fv2%2Fmedia&parent=1433"}],"curies":[{"name":"wp","href":"https:\/\/api.w.org\/{rel}","templated":true}]}}