{"id":122,"date":"2016-11-21T23:02:09","date_gmt":"2016-11-21T23:02:09","guid":{"rendered":"http:\/\/neu.musikschule-er.de\/?page_id=122"},"modified":"2026-04-03T11:36:00","modified_gmt":"2026-04-03T09:36:00","slug":"rhythmisch-musische-ausbildung","status":"publish","type":"page","link":"https:\/\/musikschule-er.de\/?page_id=122","title":{"rendered":"RHYTHMISCH MUSISCHE AUSBILDUNG"},"content":{"rendered":"\n<h3 class=\"wp-block-heading\">Fachbereich Rhythmisch Musische Ausbildung<\/h3>\n\n\n\n<p>Der Einstieg in die Welt der Musik ist mit der Rhythmisch Musischen Fr\u00fcherziehung f\u00fcr Kinder ab drei Jahren vorgesehen. Der Ansatz ist die untrennbare Beziehung zwischen Bewegung, Musik und Sprache (=Rhythmik). Die Kinder lernen durch Tanz, Rhythmikmaterial, Latin Percussion und Orffsches Instrumentarium und vertiefen das Erlernte durch Malen. Am Ende des Musikschul-Jahres k\u00f6nnen die Kinder das Erlernte bei einem B\u00fchnenauftritt zeigen.<\/p>\n\n\n\n<p>Die Weiterf\u00fchrung erfolgt in den ersten Grundschuljahren durch die Rhythmisch Musische Grundausbildung. Besondere Freude bereitet den Kindern auch das Saitenspiel, das sie als erstes Instrument erlernen.<\/p>\n\n\n\n<p>F\u00fcr n\u00e4here Informationen wenden Sie sich bitte an unser&nbsp;B\u00fcro:<br><a href=\"mailto:info@musikschule-eppstein-rossert.de\"><strong>info(at)musikschule-eppstein-rossert.de<\/strong><\/a><\/p>\n\n\n\n<p>Mehr \u00fcber <a href=\"https:\/\/musikschule-er.de\/?page_id=1510\"><strong>unsere Elementarlehrkr\u00e4fte<\/strong><\/a><\/p>\n\n\n\n<p><strong><a href=\"https:\/\/musikschule-er.de\/wp-content\/uploads\/2022\/05\/Anmeldeformular_Elementar_20220515.pdf\" target=\"_blank\" rel=\"noopener noreferrer\">Anmeldung Rhythmisch-Musische Fr\u00fcherziehung<\/a><\/strong><br><a href=\"https:\/\/musikschule-er.de\/wp-content\/uploads\/2025\/12\/Schulgeld_Schulordnung_MSEppstein-01012026.pdf\" target=\"_blank\" rel=\"noreferrer noopener\"><strong>Schulgeld- und Schulordnung<\/strong><\/a><\/p>\n","protected":false},"excerpt":{"rendered":"<p>Fachbereich Rhythmisch Musische Ausbildung Der Einstieg in die Welt der Musik ist mit der Rhythmisch Musischen Fr\u00fcherziehung f\u00fcr Kinder ab drei Jahren vorgesehen. Der Ansatz ist die untrennbare Beziehung zwischen Bewegung, Musik und Sprache (=Rhythmik). Die Kinder lernen durch Tanz, Rhythmikmaterial, Latin Percussion und Orffsches Instrumentarium und vertiefen das Erlernte durch Malen. Am Ende des [&hellip;]<\/p>\n","protected":false},"author":1,"featured_media":124,"parent":0,"menu_order":0,"comment_status":"closed","ping_status":"closed","template":"","meta":{"footnotes":""},"class_list":["post-122","page","type-page","status-publish","has-post-thumbnail","hentry"],"_links":{"self":[{"href":"https:\/\/musikschule-er.de\/index.php?rest_route=\/wp\/v2\/pages\/122","targetHints":{"allow":["GET"]}}],"collection":[{"href":"https:\/\/musikschule-er.de\/index.php?rest_route=\/wp\/v2\/pages"}],"about":[{"href":"https:\/\/musikschule-er.de\/index.php?rest_route=\/wp\/v2\/types\/page"}],"author":[{"embeddable":true,"href":"https:\/\/musikschule-er.de\/index.php?rest_route=\/wp\/v2\/users\/1"}],"replies":[{"embeddable":true,"href":"https:\/\/musikschule-er.de\/index.php?rest_route=%2Fwp%2Fv2%2Fcomments&post=122"}],"version-history":[{"count":29,"href":"https:\/\/musikschule-er.de\/index.php?rest_route=\/wp\/v2\/pages\/122\/revisions"}],"predecessor-version":[{"id":1926,"href":"https:\/\/musikschule-er.de\/index.php?rest_route=\/wp\/v2\/pages\/122\/revisions\/1926"}],"wp:featuredmedia":[{"embeddable":true,"href":"https:\/\/musikschule-er.de\/index.php?rest_route=\/wp\/v2\/media\/124"}],"wp:attachment":[{"href":"https:\/\/musikschule-er.de\/index.php?rest_route=%2Fwp%2Fv2%2Fmedia&parent=122"}],"curies":[{"name":"wp","href":"https:\/\/api.w.org\/{rel}","templated":true}]}}