{"id":107,"date":"2016-11-21T22:46:30","date_gmt":"2016-11-21T22:46:30","guid":{"rendered":"http:\/\/neu.musikschule-er.de\/?page_id=107"},"modified":"2025-12-26T13:06:40","modified_gmt":"2025-12-26T12:06:40","slug":"streicher","status":"publish","type":"page","link":"https:\/\/musikschule-er.de\/?page_id=107","title":{"rendered":"ZUPF- UND STREICHINSTRUMENTE"},"content":{"rendered":"\n<blockquote class=\"wp-block-quote is-layout-flow wp-block-quote-is-layout-flow\">\n<p>Die Musik spricht f\u00fcr sich allein. Vorausgesetzt, wir geben ihr eine Chance.<\/p>\n\n\n\n<p class=\"has-text-align-right\"><span style=\"color: #808080;\">Yehudi Menuhin, amerik. Geiger<\/span><\/p>\n<\/blockquote>\n\n\n\n<p>Im Fachbereich Streicher und Zupfer bieten wir Unterricht an den folgenden Instrumenten:<\/p>\n\n\n\n<ul class=\"wp-block-list\">\n<li><strong>Violine<\/strong><\/li>\n\n\n\n<li><strong>Cello<\/strong><\/li>\n\n\n\n<li><strong>Kontraba\u00df<\/strong><\/li>\n\n\n\n<li><strong>Harfe<\/strong><\/li>\n\n\n\n<li><strong>Streicherensemble<\/strong><\/li>\n<\/ul>\n\n\n\n<p>F\u00fcr n\u00e4here Informationen wenden Sie sich bitte an unser&nbsp;B\u00fcro:<br><a href=\"mailto:info@musikschule-eppstein-rossert.de\"><strong>info(at)musikschule-eppstein-rossert.de<\/strong><\/a><\/p>\n\n\n\n<p><strong><a href=\"https:\/\/musikschule-er.de\/?page_id=1447\">Unsere Zupf- und Streichlehrkr\u00e4fte<\/a><\/strong><\/p>\n\n\n\n<p><a href=\"https:\/\/musikschule-er.de\/wp-content\/uploads\/2022\/05\/Anmeldeformular_Instrumental_20220515.pdf\" target=\"_blank\" rel=\"noopener noreferrer\"><strong>Anmeldung Instrumental<\/strong><\/a><br><strong><a href=\"https:\/\/musikschule-er.de\/wp-content\/uploads\/2025\/12\/Schulgeld_Schulordnung_MSEppstein-01012026.pdf\" target=\"_blank\" rel=\"noreferrer noopener\">Schulgeld- und Schulordnung<\/a><\/strong><\/p>\n\n\n\n<p><\/p>\n","protected":false},"excerpt":{"rendered":"<p>Die Musik spricht f\u00fcr sich allein. Vorausgesetzt, wir geben ihr eine Chance. Yehudi Menuhin, amerik. Geiger Im Fachbereich Streicher und Zupfer bieten wir Unterricht an den folgenden Instrumenten: F\u00fcr n\u00e4here Informationen wenden Sie sich bitte an unser&nbsp;B\u00fcro:info(at)musikschule-eppstein-rossert.de Unsere Zupf- und Streichlehrkr\u00e4fte Anmeldung InstrumentalSchulgeld- und Schulordnung<\/p>\n","protected":false},"author":1,"featured_media":74,"parent":0,"menu_order":0,"comment_status":"closed","ping_status":"closed","template":"","meta":{"footnotes":""},"class_list":["post-107","page","type-page","status-publish","has-post-thumbnail","hentry"],"_links":{"self":[{"href":"https:\/\/musikschule-er.de\/index.php?rest_route=\/wp\/v2\/pages\/107","targetHints":{"allow":["GET"]}}],"collection":[{"href":"https:\/\/musikschule-er.de\/index.php?rest_route=\/wp\/v2\/pages"}],"about":[{"href":"https:\/\/musikschule-er.de\/index.php?rest_route=\/wp\/v2\/types\/page"}],"author":[{"embeddable":true,"href":"https:\/\/musikschule-er.de\/index.php?rest_route=\/wp\/v2\/users\/1"}],"replies":[{"embeddable":true,"href":"https:\/\/musikschule-er.de\/index.php?rest_route=%2Fwp%2Fv2%2Fcomments&post=107"}],"version-history":[{"count":36,"href":"https:\/\/musikschule-er.de\/index.php?rest_route=\/wp\/v2\/pages\/107\/revisions"}],"predecessor-version":[{"id":1887,"href":"https:\/\/musikschule-er.de\/index.php?rest_route=\/wp\/v2\/pages\/107\/revisions\/1887"}],"wp:featuredmedia":[{"embeddable":true,"href":"https:\/\/musikschule-er.de\/index.php?rest_route=\/wp\/v2\/media\/74"}],"wp:attachment":[{"href":"https:\/\/musikschule-er.de\/index.php?rest_route=%2Fwp%2Fv2%2Fmedia&parent=107"}],"curies":[{"name":"wp","href":"https:\/\/api.w.org\/{rel}","templated":true}]}}